{"id":18,"date":"2023-11-14T15:34:01","date_gmt":"2023-11-14T14:34:01","guid":{"rendered":"https:\/\/pauchandball.shop\/?page_id=18"},"modified":"2024-02-20T12:42:46","modified_gmt":"2024-02-20T11:42:46","slug":"accueil","status":"publish","type":"page","link":"https:\/\/pauchandball.shop\/","title":{"rendered":"Accueil"},"content":{"rendered":"\t\t<div data-elementor-type=\"wp-page\" data-elementor-id=\"18\" class=\"elementor elementor-18\">\n\t\t\t\t\t\t\t<div class=\"elementor-element elementor-element-e8e2331 e-flex e-con-boxed e-con e-parent\" data-id=\"e8e2331\" data-element_type=\"container\" data-settings=\"{&quot;content_width&quot;:&quot;boxed&quot;}\" data-core-v316-plus=\"true\">\n\t\t\t\t\t<div class=\"e-con-inner\">\n\t\t\t\t<div class=\"elementor-element elementor-element-10173aa elementor-widget elementor-widget-image\" data-id=\"10173aa\" data-element_type=\"widget\" data-widget_type=\"image.default\">\n\t\t\t\t<div class=\"elementor-widget-container\">\n\t\t\t<style>\/*! elementor - v3.17.0 - 08-11-2023 *\/\n.elementor-widget-image{text-align:center}.elementor-widget-image a{display:inline-block}.elementor-widget-image a img[src$=\".svg\"]{width:48px}.elementor-widget-image img{vertical-align:middle;display:inline-block}<\/style>\t\t\t\t\t\t\t\t\t\t\t\t<img fetchpriority=\"high\" decoding=\"async\" width=\"1980\" height=\"984\" src=\"https:\/\/pauchandball.shop\/wp-content\/uploads\/2023\/11\/HEADER-PAUC-SHOP.png\" class=\"attachment-2048x2048 size-2048x2048 wp-image-20\" alt=\"\" srcset=\"https:\/\/pauchandball.shop\/wp-content\/uploads\/2023\/11\/HEADER-PAUC-SHOP.png 1980w, https:\/\/pauchandball.shop\/wp-content\/uploads\/2023\/11\/HEADER-PAUC-SHOP-300x149.png 300w, https:\/\/pauchandball.shop\/wp-content\/uploads\/2023\/11\/HEADER-PAUC-SHOP-1024x509.png 1024w, https:\/\/pauchandball.shop\/wp-content\/uploads\/2023\/11\/HEADER-PAUC-SHOP-768x382.png 768w, https:\/\/pauchandball.shop\/wp-content\/uploads\/2023\/11\/HEADER-PAUC-SHOP-1536x763.png 1536w\" sizes=\"(max-width: 1980px) 100vw, 1980px\" \/>\t\t\t\t\t\t\t\t\t\t\t\t\t\t\t<\/div>\n\t\t\t\t<\/div>\n\t\t\t\t<div class=\"elementor-element elementor-element-b1ca0bb elementor-widget elementor-widget-heading\" data-id=\"b1ca0bb\" data-element_type=\"widget\" data-widget_type=\"heading.default\">\n\t\t\t\t<div class=\"elementor-widget-container\">\n\t\t\t<style>\/*! elementor - v3.17.0 - 08-11-2023 *\/\n.elementor-heading-title{padding:0;margin:0;line-height:1}.elementor-widget-heading .elementor-heading-title[class*=elementor-size-]>a{color:inherit;font-size:inherit;line-height:inherit}.elementor-widget-heading .elementor-heading-title.elementor-size-small{font-size:15px}.elementor-widget-heading .elementor-heading-title.elementor-size-medium{font-size:19px}.elementor-widget-heading .elementor-heading-title.elementor-size-large{font-size:29px}.elementor-widget-heading .elementor-heading-title.elementor-size-xl{font-size:39px}.elementor-widget-heading .elementor-heading-title.elementor-size-xxl{font-size:59px}<\/style><h1 class=\"elementor-heading-title elementor-size-default\">Bienvenue sur la billetterie du PAUC<\/h1>\t\t<\/div>\n\t\t\t\t<\/div>\n\t\t\t\t\t<\/div>\n\t\t\t\t<\/div>\n\t\t<div class=\"elementor-element elementor-element-09eb315 e-flex e-con-boxed e-con e-parent\" data-id=\"09eb315\" data-element_type=\"container\" data-settings=\"{&quot;background_background&quot;:&quot;classic&quot;,&quot;content_width&quot;:&quot;boxed&quot;}\" data-core-v316-plus=\"true\">\n\t\t\t\t\t<div class=\"e-con-inner\">\n\t\t<div class=\"elementor-element elementor-element-78bd1c0 e-con-full e-flex e-con e-child\" data-id=\"78bd1c0\" data-element_type=\"container\" data-settings=\"{&quot;content_width&quot;:&quot;full&quot;}\">\n\t\t<div class=\"elementor-element elementor-element-7cb394c e-flex e-con-boxed e-con e-child\" data-id=\"7cb394c\" data-element_type=\"container\" data-settings=\"{&quot;content_width&quot;:&quot;boxed&quot;}\">\n\t\t\t\t\t<div class=\"e-con-inner\">\n\t\t<div class=\"elementor-element elementor-element-7dd0c33 e-con-full e-flex e-con e-child\" data-id=\"7dd0c33\" data-element_type=\"container\" data-settings=\"{&quot;content_width&quot;:&quot;full&quot;}\">\n\t\t\t\t<div class=\"elementor-element elementor-element-8a0577c elementor-widget elementor-widget-image\" data-id=\"8a0577c\" data-element_type=\"widget\" data-widget_type=\"image.default\">\n\t\t\t\t<div class=\"elementor-widget-container\">\n\t\t\t\t\t\t\t\t\t\t\t\t\t\t\t<img decoding=\"async\" width=\"150\" height=\"150\" src=\"https:\/\/pauchandball.shop\/wp-content\/uploads\/2023\/11\/LOGO-PAUC-SMALL.png\" class=\"attachment-full size-full wp-image-36\" alt=\"\" \/>\t\t\t\t\t\t\t\t\t\t\t\t\t\t\t<\/div>\n\t\t\t\t<\/div>\n\t\t\t\t<\/div>\n\t\t<div class=\"elementor-element elementor-element-2427214 e-flex e-con-boxed e-con e-child\" data-id=\"2427214\" data-element_type=\"container\" data-settings=\"{&quot;content_width&quot;:&quot;boxed&quot;}\">\n\t\t\t\t\t<div class=\"e-con-inner\">\n\t\t\t\t<div class=\"elementor-element elementor-element-81d29c3 elementor-widget elementor-widget-heading\" data-id=\"81d29c3\" data-element_type=\"widget\" data-widget_type=\"heading.default\">\n\t\t\t\t<div class=\"elementor-widget-container\">\n\t\t\t<h2 class=\"elementor-heading-title elementor-size-default\"><a href=\"https:\/\/web.digitick.com\/pauc-handball-chambery-sport-arena-du-pays-d-aix-aix-en-provence-02-decembre-2023-css5-paysdaixhandball-pg101-ri9706685.html\" target=\"_blank\" rel=\"noopener\">R\u00e9servez votre billet pour le prochain match !<br><br>OFFRE DUO ! 1 place achet\u00e9e = 1 place offerte !<\/a><\/h2>\t\t<\/div>\n\t\t\t\t<\/div>\n\t\t\t\t\t<\/div>\n\t\t\t\t<\/div>\n\t\t\t\t\t<\/div>\n\t\t\t\t<\/div>\n\t\t<div class=\"elementor-element elementor-element-1f73f80 e-flex e-con-boxed e-con e-child\" data-id=\"1f73f80\" data-element_type=\"container\" data-settings=\"{&quot;content_width&quot;:&quot;boxed&quot;}\">\n\t\t\t\t\t<div class=\"e-con-inner\">\n\t\t\t\t<div class=\"elementor-element elementor-element-4683fcf elementor-widget elementor-widget-heading\" data-id=\"4683fcf\" data-element_type=\"widget\" data-widget_type=\"heading.default\">\n\t\t\t\t<div class=\"elementor-widget-container\">\n\t\t\t<h3 class=\"elementor-heading-title elementor-size-default\"><a href=\"https:\/\/web.digitick.com\/pauc-handball-chambery-sport-arena-du-pays-d-aix-aix-en-provence-02-decembre-2023-css5-paysdaixhandball-pg101-ri9706685.html\" target=\"_blank\" rel=\"noopener\">Acc\u00e8s billetterie, cliquez sur l'affiche<\/a><\/h3>\t\t<\/div>\n\t\t\t\t<\/div>\n\t\t\t\t\t<\/div>\n\t\t\t\t<\/div>\n\t\t\t\t<\/div>\n\t\t<div class=\"elementor-element elementor-element-51ae276 e-flex e-con-boxed e-con e-child\" data-id=\"51ae276\" data-element_type=\"container\" data-settings=\"{&quot;content_width&quot;:&quot;boxed&quot;}\">\n\t\t\t\t\t<div class=\"e-con-inner\">\n\t\t\t\t<div class=\"elementor-element elementor-element-93d1a4f elementor-widget elementor-widget-image\" data-id=\"93d1a4f\" data-element_type=\"widget\" data-widget_type=\"image.default\">\n\t\t\t\t<div class=\"elementor-widget-container\">\n\t\t\t\t\t\t\t\t\t\t\t\t\t\t\t\t<a href=\"https:\/\/web.digitick.com\/index-css5-paysdaixhandball-pg1.html\" target=\"_blank\" rel=\"noopener\">\n\t\t\t\t\t\t\t<img decoding=\"async\" width=\"1200\" height=\"1200\" src=\"https:\/\/pauchandball.shop\/wp-content\/uploads\/2024\/02\/AFFICHE-DE-MATCH-ARENA.jpg\" class=\"attachment-full size-full wp-image-122\" alt=\"\" srcset=\"https:\/\/pauchandball.shop\/wp-content\/uploads\/2024\/02\/AFFICHE-DE-MATCH-ARENA.jpg 1200w, https:\/\/pauchandball.shop\/wp-content\/uploads\/2024\/02\/AFFICHE-DE-MATCH-ARENA-300x300.jpg 300w, https:\/\/pauchandball.shop\/wp-content\/uploads\/2024\/02\/AFFICHE-DE-MATCH-ARENA-1024x1024.jpg 1024w, https:\/\/pauchandball.shop\/wp-content\/uploads\/2024\/02\/AFFICHE-DE-MATCH-ARENA-150x150.jpg 150w, https:\/\/pauchandball.shop\/wp-content\/uploads\/2024\/02\/AFFICHE-DE-MATCH-ARENA-768x768.jpg 768w\" sizes=\"(max-width: 1200px) 100vw, 1200px\" \/>\t\t\t\t\t\t\t\t<\/a>\n\t\t\t\t\t\t\t\t\t\t\t\t\t\t\t<\/div>\n\t\t\t\t<\/div>\n\t\t\t\t\t<\/div>\n\t\t\t\t<\/div>\n\t\t\t\t\t<\/div>\n\t\t\t\t<\/div>\n\t\t<div class=\"elementor-element elementor-element-ecc055f e-con-full elementor-hidden-mobile e-flex e-con e-parent\" data-id=\"ecc055f\" data-element_type=\"container\" data-settings=\"{&quot;content_width&quot;:&quot;full&quot;}\" data-core-v316-plus=\"true\">\n\t\t\t\t<div class=\"elementor-element elementor-element-7ecb5c5 elementor-widget elementor-widget-image\" data-id=\"7ecb5c5\" data-element_type=\"widget\" data-widget_type=\"image.default\">\n\t\t\t\t<div class=\"elementor-widget-container\">\n\t\t\t\t\t\t\t\t\t\t\t\t\t\t\t\t<a href=\"http:\/\/pauchandball.shop\/wp-content\/uploads\/2023\/11\/PAUC_PSG_179-copie-scaled.webp\" data-elementor-open-lightbox=\"yes\" data-elementor-lightbox-title=\"PAUC_PSG_179 copie\" data-e-action-hash=\"#elementor-action%3Aaction%3Dlightbox%26settings%3DeyJpZCI6NjIsInVybCI6Imh0dHBzOlwvXC9wYXVjaGFuZGJhbGwuc2hvcFwvd3AtY29udGVudFwvdXBsb2Fkc1wvMjAyM1wvMTFcL1BBVUNfUFNHXzE3OS1jb3BpZS1zY2FsZWQud2VicCJ9\">\n\t\t\t\t\t\t\t<img loading=\"lazy\" decoding=\"async\" width=\"800\" height=\"534\" src=\"https:\/\/pauchandball.shop\/wp-content\/uploads\/2023\/11\/PAUC_PSG_179-copie-1024x683.webp\" class=\"attachment-large size-large wp-image-62\" alt=\"\" srcset=\"https:\/\/pauchandball.shop\/wp-content\/uploads\/2023\/11\/PAUC_PSG_179-copie-1024x683.webp 1024w, https:\/\/pauchandball.shop\/wp-content\/uploads\/2023\/11\/PAUC_PSG_179-copie-300x200.webp 300w, https:\/\/pauchandball.shop\/wp-content\/uploads\/2023\/11\/PAUC_PSG_179-copie-768x512.webp 768w, https:\/\/pauchandball.shop\/wp-content\/uploads\/2023\/11\/PAUC_PSG_179-copie-1536x1024.webp 1536w, https:\/\/pauchandball.shop\/wp-content\/uploads\/2023\/11\/PAUC_PSG_179-copie-2048x1365.webp 2048w\" sizes=\"(max-width: 800px) 100vw, 800px\" \/>\t\t\t\t\t\t\t\t<\/a>\n\t\t\t\t\t\t\t\t\t\t\t\t\t\t\t<\/div>\n\t\t\t\t<\/div>\n\t\t\t\t<\/div>\n\t\t\t\t\t\t\t<\/div>\n\t\t","protected":false},"excerpt":{"rendered":"<p>Bienvenue sur la billetterie du PAUC R\u00e9servez votre billet pour le prochain match ! OFFRE DUO ! 1 place achet\u00e9e = 1 place offerte ! Acc\u00e8s billetterie, cliquez sur l&#8217;affiche<\/p>\n","protected":false},"author":1,"featured_media":0,"parent":0,"menu_order":0,"comment_status":"closed","ping_status":"closed","template":"elementor_canvas","meta":{"footnotes":""},"class_list":["post-18","page","type-page","status-publish","hentry"],"_links":{"self":[{"href":"https:\/\/pauchandball.shop\/index.php\/wp-json\/wp\/v2\/pages\/18","targetHints":{"allow":["GET"]}}],"collection":[{"href":"https:\/\/pauchandball.shop\/index.php\/wp-json\/wp\/v2\/pages"}],"about":[{"href":"https:\/\/pauchandball.shop\/index.php\/wp-json\/wp\/v2\/types\/page"}],"author":[{"embeddable":true,"href":"https:\/\/pauchandball.shop\/index.php\/wp-json\/wp\/v2\/users\/1"}],"replies":[{"embeddable":true,"href":"https:\/\/pauchandball.shop\/index.php\/wp-json\/wp\/v2\/comments?post=18"}],"version-history":[{"count":70,"href":"https:\/\/pauchandball.shop\/index.php\/wp-json\/wp\/v2\/pages\/18\/revisions"}],"predecessor-version":[{"id":125,"href":"https:\/\/pauchandball.shop\/index.php\/wp-json\/wp\/v2\/pages\/18\/revisions\/125"}],"wp:attachment":[{"href":"https:\/\/pauchandball.shop\/index.php\/wp-json\/wp\/v2\/media?parent=18"}],"curies":[{"name":"wp","href":"https:\/\/api.w.org\/{rel}","templated":true}]}}